{"id":18,"date":"2025-07-09T12:42:58","date_gmt":"2025-07-09T10:42:58","guid":{"rendered":"https:\/\/camelia-studio.org\/camelianimes\/?page_id=18"},"modified":"2026-04-13T23:53:20","modified_gmt":"2026-04-13T21:53:20","slug":"liste-des-series-visionnees","status":"publish","type":"page","link":"https:\/\/camelia-studio.org\/camelianimes\/liste-des-series-visionnees\/","title":{"rendered":"Liste des s\u00e9ries visionn\u00e9es"},"content":{"rendered":"\n<p>Elles sont list\u00e9es de la plus ancienne \u00e0 la plus r\u00e9cemment vue. En cliquant dessus, vous serez amen\u00e9 \u00e0 la page <strong>AniList<\/strong> correspondante. Tout a \u00e9t\u00e9 regard\u00e9 en VOSTFR (la mention \u00ab\u00a0\ud83c\uddeb\ud83c\uddf7\u00a0\u00bb indique que le VF \u00e9tait disponible en plus de la VO). Pour des soucis de lisibilit\u00e9, on notera que le titre de la premi\u00e8re saison (lorsqu&rsquo;il y en a plusieurs), mais toutes les licences sont vues \u00e0 chaque fois dans leur int\u00e9gralit\u00e9 (toutes saisons, films, etc. inclus (except\u00e9 les r\u00e9capitulatifs)). Nous utilisons les noms japonais des s\u00e9ries (et pr\u00e9cisons le titre fran\u00e7ais lorsqu&rsquo;il existe).<\/p>\n\n\n\n<p><strong><div class=\"search-in-place-box-container  hide-search-button  search-in-place-box-container-custom-design  \"><form role=\"search\" method=\"get\" class=\"search-form\" action=\"https:\/\/camelia-studio.org\/camelianimes\/\">\n\t\t\t\t<label>\n\t\t\t\t\t<span class=\"screen-reader-text\">Rechercher\u00a0:<\/span>\n\t\t\t\t\t<input type=\"search\" class=\"search-field\" placeholder=\"Rechercher\u2026\" value=\"\" name=\"s\" data-search-in-place=\"1\" data-search-in-page=\"1\" \/>\n\t\t\t\t<\/label>\n\t\t\t\t<input type=\"submit\" class=\"search-submit\" value=\"Rechercher\" \/>\n\t\t\t<input type=\"hidden\" name=\"search_in_place_form\" value=\"1\"><\/form><\/div><\/strong><\/p>\n\n\n\n<ul class=\"wp-block-list\">\n<li><a href=\"https:\/\/anilist.co\/anime\/245\/GTO\/\" target=\"_blank\" rel=\"noreferrer noopener\">GTO<\/a> \ud83c\uddeb\ud83c\uddf7<\/li>\n\n\n\n<li><a href=\"https:\/\/anilist.co\/anime\/100665\/Back-Street-Girls-Gokudols\/\" target=\"_blank\" rel=\"noreferrer noopener\">Back Street Girls &#8211; Gokudols<\/a> \ud83c\uddeb\ud83c\uddf7<\/li>\n\n\n\n<li><a href=\"https:\/\/anilist.co\/anime\/21049\/ReLIFE\/\" target=\"_blank\" rel=\"noreferrer noopener\">ReLIFE<\/a><\/li>\n\n\n\n<li><a href=\"https:\/\/anilist.co\/anime\/20932\/Harmony\/\" target=\"_blank\" rel=\"noreferrer noopener\">Harmony<\/a><\/li>\n\n\n\n<li><a href=\"https:\/\/anilist.co\/anime\/19815\/No-Game-No-Life\/\" target=\"_blank\" rel=\"noreferrer noopener\">No Game No Life<\/a> \ud83c\uddeb\ud83c\uddf7<\/li>\n\n\n\n<li><a href=\"https:\/\/anilist.co\/anime\/21827\/Violet-Evergarden\/\" target=\"_blank\" rel=\"noreferrer noopener\">Violet Evergarden<\/a><\/li>\n\n\n\n<li><a href=\"https:\/\/anilist.co\/anime\/100178\/Liz-to-Aoi-Tori\/\" target=\"_blank\" rel=\"noreferrer noopener\">Liz to Aoi Tori (Liz et l&rsquo;oiseau bleu)<\/a><\/li>\n\n\n\n<li><a href=\"https:\/\/anilist.co\/anime\/12445\/Tasogare-Otome-x-Amnesia\/\" target=\"_blank\" rel=\"noreferrer noopener\">Tasogare Otome x Amnesia<\/a><\/li>\n\n\n\n<li><a href=\"https:\/\/anilist.co\/anime\/11433\/Ano-Natsu-de-Matteru\/\" target=\"_blank\" rel=\"noreferrer noopener\">Ano Natsu de Matteru<\/a><\/li>\n\n\n\n<li><a href=\"https:\/\/anilist.co\/anime\/108617\/Somali-to-Mori-no-Kamisama\/\" target=\"_blank\" rel=\"noreferrer noopener\">Somali to Mori no Kamisama (<\/a><a href=\"https:\/\/anilist.co\/anime\/108617\/Somali-to-Mori-no-Kamisama\/\" target=\"_blank\" rel=\"noreferrer noopener\">Somali et l&rsquo;esprit de la for\u00eat)<\/a><\/li>\n\n\n\n<li><a href=\"https:\/\/anilist.co\/anime\/20458\/Mahouka-Koukou-no-Rettousei\/\" target=\"_blank\" rel=\"noreferrer noopener\">Mahouka Koukou no Rettousei<\/a><\/li>\n\n\n\n<li><a href=\"https:\/\/anilist.co\/anime\/107663\/Kanata-no-Astra\/\" target=\"_blank\" rel=\"noreferrer noopener\">Kanata no Astra<\/a><\/li>\n\n\n\n<li><a href=\"https:\/\/anilist.co\/anime\/99750\/Kimi-no-Suizou-wo-Tabetai\/\" target=\"_blank\" rel=\"noreferrer noopener\">Kimi no Suizou wo Tabetai (Je veux manger ton pancr\u00e9as)<\/a><\/li>\n\n\n\n<li><a href=\"https:\/\/anilist.co\/anime\/114963\/Nakitai-Watashi-wa-Neko-wo-Kaburu\/\" target=\"_blank\" rel=\"noreferrer noopener\">Nakitai Watashi wa Neko wo Kaburu (<\/a><a href=\"https:\/\/anilist.co\/anime\/114963\/Nakitai-Watashi-wa-Neko-wo-Kaburu\/\" target=\"_blank\" rel=\"noreferrer noopener\">Loin de moi, pr\u00e8s de toi)<\/a> \ud83c\uddeb\ud83c\uddf7<\/li>\n\n\n\n<li><a href=\"https:\/\/anilist.co\/anime\/9756\/Mahou-Shoujo-MadokaMagica\/\" target=\"_blank\" rel=\"noreferrer noopener\">Mahou Shoujo Madoka\u2606Magica<\/a><\/li>\n\n\n\n<li><a href=\"https:\/\/anilist.co\/anime\/10893\/Kyousougiga\/\" target=\"_blank\" rel=\"noreferrer noopener\">Kyousougiga<\/a><\/li>\n\n\n\n<li><a href=\"https:\/\/anilist.co\/anime\/5680\/KON\/\" target=\"_blank\" rel=\"noreferrer noopener\">K-ON!<\/a><\/li>\n\n\n\n<li><a href=\"https:\/\/anilist.co\/anime\/21714\/Flip-Flappers\/\" target=\"_blank\" rel=\"noreferrer noopener\">Flip Flappers<\/a><\/li>\n\n\n\n<li><a href=\"https:\/\/anilist.co\/anime\/104051\/Magia-Record-Mahou-Shoujo-MadokaMagica-Gaiden\/\" target=\"_blank\" rel=\"noreferrer noopener\">Magia Record: Mahou Shoujo Madoka\u2606Magica<\/a><\/li>\n\n\n\n<li><a href=\"https:\/\/anilist.co\/anime\/101281\/Carole--Tuesday\/\" target=\"_blank\" rel=\"noreferrer noopener\">Carole &amp; Tuesday<\/a><\/li>\n\n\n\n<li><a href=\"https:\/\/anilist.co\/anime\/98707\/Houseki-no-Kuni\/\" target=\"_blank\" rel=\"noreferrer noopener\">Houseki no Kuni (L&rsquo;\u00c8re des Cristaux)<\/a><\/li>\n\n\n\n<li><a href=\"https:\/\/anilist.co\/anime\/437\/PERFECT-BLUE\/\" target=\"_blank\" rel=\"noreferrer noopener\">PERFECT BLUE<\/a><\/li>\n\n\n\n<li><a href=\"https:\/\/anilist.co\/anime\/1033\/Sennen-Joyuu\/\" target=\"_blank\" rel=\"noreferrer noopener\">Millenuim Actress<\/a><\/li>\n\n\n\n<li><a href=\"https:\/\/anilist.co\/anime\/101280\/Tensei-Shitara-Slime-Datta-Ken\/\" target=\"_blank\" rel=\"noreferrer noopener\">Tensei Shitara Slime Datta Ken (<\/a><a href=\"https:\/\/anilist.co\/anime\/101280\/Tensei-Shitara-Slime-Datta-Ken\/\" target=\"_blank\" rel=\"noreferrer noopener\">Moi, quand je me r\u00e9incarne en Slime)<\/a> \ud83c\uddeb\ud83c\uddf7<\/li>\n\n\n\n<li><a href=\"https:\/\/anilist.co\/anime\/759\/Tokyo-Godfathers\/\" target=\"_blank\" rel=\"noreferrer noopener\">Tokyo Godfathers<\/a><\/li>\n\n\n\n<li><a href=\"https:\/\/anilist.co\/anime\/21284\/Flying-Witch\/\" target=\"_blank\" rel=\"noreferrer noopener\">Flying Witch<\/a><\/li>\n\n\n\n<li><a href=\"https:\/\/anilist.co\/anime\/1943\/Paprika\/\" target=\"_blank\" rel=\"noreferrer noopener\">Paprika<\/a><\/li>\n\n\n\n<li><a href=\"https:\/\/anilist.co\/anime\/8795\/Panty--Stocking-with-Garterbelt\/\" target=\"_blank\" rel=\"noreferrer noopener\">Panty &amp; Stocking with Gartebelt<\/a><\/li>\n\n\n\n<li><a href=\"https:\/\/anilist.co\/anime\/13599\/RoboticsNotes\/\" target=\"_blank\" rel=\"noreferrer noopener\">Robotics;Notes<\/a><\/li>\n\n\n\n<li><a href=\"https:\/\/anilist.co\/anime\/21823\/ACCA-13ku-Kansatsuka\/\" target=\"_blank\" rel=\"noreferrer noopener\">ACCA: 13-ku Kansatsu-ka<\/a><\/li>\n\n\n\n<li><a href=\"https:\/\/anilist.co\/anime\/101291\/Seishun-Buta-Yarou-wa-Bunny-Girl-Senpai-no-Yume-wo-Minai\/\" target=\"_blank\" rel=\"noreferrer noopener\">Seishun Buta Yarou wa Bunny Girl Senpai no Yume wo Minai<\/a><\/li>\n\n\n\n<li><a href=\"https:\/\/anilist.co\/anime\/112609\/Majo-no-Tabitabi\/\" target=\"_blank\" rel=\"noreferrer noopener\">Majo no tabitabi<\/a><\/li>\n\n\n\n<li><a href=\"https:\/\/anilist.co\/anime\/20607\/Ping-Pong-THE-ANIMATION\/\" target=\"_blank\" rel=\"noreferrer noopener\">Ping Pong THE ANIMATION<\/a><\/li>\n\n\n\n<li><a href=\"https:\/\/anilist.co\/anime\/21428\/Hai-to-Gensou-no-Grimgar\/\" target=\"_blank\" rel=\"noreferrer noopener\">Hai to Gensou no Grimgar<\/a><\/li>\n\n\n\n<li><a href=\"https:\/\/anilist.co\/anime\/113311\/Kakushigoto\/\" target=\"_blank\" rel=\"noreferrer noopener\">Kakushigoto<\/a><\/li>\n\n\n\n<li><a href=\"https:\/\/anilist.co\/anime\/10165\/Nichijou\/\" target=\"_blank\" rel=\"noreferrer noopener\">Nichijou<\/a><\/li>\n\n\n\n<li><a href=\"https:\/\/anilist.co\/anime\/99426\/Sora-yori-mo-Tooi-Basho\/\" target=\"_blank\" rel=\"noreferrer noopener\">Sora yori mo Tooi Basho<\/a><\/li>\n\n\n\n<li><a href=\"https:\/\/anilist.co\/anime\/97903\/Sakura-Quest\/\" target=\"_blank\" rel=\"noreferrer noopener\">Sakura Quest<\/a><\/li>\n\n\n\n<li><a href=\"https:\/\/anilist.co\/anime\/132126\/Sonny-Boy\/\" target=\"_blank\" rel=\"noreferrer noopener\">Sonny Boy<\/a><\/li>\n\n\n\n<li><a href=\"https:\/\/anilist.co\/anime\/20812\/SHIROBAKO\/\" target=\"_blank\" rel=\"noreferrer noopener\">SHIROBAKO<\/a><\/li>\n\n\n\n<li><a href=\"https:\/\/anilist.co\/anime\/113596\/Josee-to-Tora-to-Sakanatachi\/\" target=\"_blank\" rel=\"noreferrer noopener\">Josee to Tora to Sakanatachi (Jos\u00e9e, le tigre et les poissons)<\/a> \ud83c\uddeb\ud83c\uddf7<\/li>\n\n\n\n<li><a href=\"https:\/\/anilist.co\/anime\/15315\/Mondaijitachi-ga-Isekai-kara-Kuru-Sou-desu-yo\/\" target=\"_blank\" rel=\"noreferrer noopener\">Mondaiji-tachi ga Isekai kara Kuru Sou Desu yo?<\/a><\/li>\n\n\n\n<li><a href=\"https:\/\/anilist.co\/anime\/13125\/Shinsekai-yori\/\" target=\"_blank\" rel=\"noreferrer noopener\">Shinsekai Yori<\/a><\/li>\n\n\n\n<li><a href=\"https:\/\/anilist.co\/anime\/21190\/Subete-ga-F-ni-Naru-THE-PERFECT-INSIDER\/\" target=\"_blank\" rel=\"noreferrer noopener\">Subete ga F ni Naru: THE PERFECT INSIDER<\/a><\/li>\n\n\n\n<li><a href=\"https:\/\/anilist.co\/anime\/120377\/Cyberpunk-Edgerunners\/\" target=\"_blank\" rel=\"noreferrer noopener\">Cyberpunk: Edgerunners<\/a> \ud83c\uddeb\ud83c\uddf7<\/li>\n\n\n\n<li><a href=\"https:\/\/anilist.co\/manga\/86742\/Kujira-no-Kora-wa-Sajou-ni-Utau\/\" target=\"_blank\" rel=\"noreferrer noopener\">Kujira no Kora wa Sajou ni Utau (Les Enfants de la Baleine)<\/a><\/li>\n\n\n\n<li><a href=\"https:\/\/anilist.co\/anime\/11887\/Kokoro-Connect\/\" target=\"_blank\" rel=\"noreferrer noopener\">Kokoro Connect<\/a><\/li>\n\n\n\n<li><a href=\"https:\/\/anilist.co\/anime\/110349\/GREAT-PRETENDER\/\" target=\"_blank\" rel=\"noreferrer noopener\">GREAT PRETENDER<\/a> \ud83c\uddeb\ud83c\uddf7<\/li>\n\n\n\n<li><a href=\"https:\/\/anilist.co\/anime\/20665\/Shigatsu-wa-Kimi-no-Uso\/\" target=\"_blank\" rel=\"noreferrer noopener\">Shigatsu wa Kimi no Uso<\/a><\/li>\n\n\n\n<li><a href=\"https:\/\/anilist.co\/anime\/98505\/Princess-Principal\/\" target=\"_blank\" rel=\"noreferrer noopener\">Princess Principal<\/a><\/li>\n\n\n\n<li><a href=\"https:\/\/anilist.co\/anime\/2251\/Baccano\/\" target=\"_blank\" rel=\"noreferrer noopener\">Baccano!<\/a> \ud83c\uddeb\ud83c\uddf7<\/li>\n\n\n\n<li><a href=\"https:\/\/anilist.co\/anime\/106479\/Itai-no-wa-Iya-nano-de-Bougyoryoku-ni-Kyokufuri-Shitai-to-Omoimasu\/\" target=\"_blank\" rel=\"noreferrer noopener\">Itai no wa Iya nano de Bougyoryoku ni Kyokufuri Shitai to Omoimasu (BOFURI : Je suis pas venue ici pour souffrir alors j&rsquo;ai tout mis en d\u00e9fense)<\/a><\/li>\n\n\n\n<li><a href=\"https:\/\/anilist.co\/anime\/8074\/Gakuen-Mokushiroku-HIGHSCHOOL-OF-THE-DEAD\/\" target=\"_blank\" rel=\"noreferrer noopener\">Gakuen Mokushiroku: HIGHSCHOOL OF THE DEAD<\/a> \ud83c\uddeb\ud83c\uddf7<\/li>\n\n\n\n<li><a href=\"https:\/\/anilist.co\/anime\/777\/HELLSING-OVA\/\" target=\"_blank\" rel=\"noreferrer noopener\">HELLSING<\/a><\/li>\n\n\n\n<li><a href=\"https:\/\/anilist.co\/anime\/116589\/86-Eighty-Six\/\" target=\"_blank\" rel=\"noreferrer noopener\">86: Eighty Six<\/a> \ud83c\uddeb\ud83c\uddf7<\/li>\n\n\n\n<li><a href=\"https:\/\/anilist.co\/anime\/154587\/Sousou-no-Frieren\/\" target=\"_blank\" rel=\"noreferrer noopener\">Sousou no Frieren<\/a> \ud83c\uddeb\ud83c\uddf7<\/li>\n\n\n\n<li><a href=\"https:\/\/anilist.co\/anime\/128705\/Blue-Period\/\" target=\"_blank\" rel=\"noreferrer noopener\">Blue Period<\/a><\/li>\n\n\n\n<li><a href=\"https:\/\/anilist.co\/anime\/9379\/Denpa-Onna-to-Seishun-Otoko\/\" target=\"_blank\" rel=\"noreferrer noopener\">Denpa Onna to Seishun Otoko<\/a><\/li>\n\n\n\n<li><a href=\"https:\/\/anilist.co\/anime\/20968\/Kokoro-ga-Sakebitagatterun-da\/\" target=\"_blank\" rel=\"noreferrer noopener\">Kokoro ga Sakebitagatterun da (Jun La voix du C\u0153ur)<\/a><\/li>\n\n\n\n<li><a href=\"https:\/\/fr.wikipedia.org\/wiki\/Bestiale_(2025)\" target=\"_blank\" rel=\"noreferrer noopener\">Bestiale<\/a> \ud83c\uddeb\ud83c\uddf7<\/li>\n\n\n\n<li><a href=\"https:\/\/anilist.co\/anime\/100077\/Hinamatsuri\/\" target=\"_blank\" rel=\"noreferrer noopener\">Hinamatsuri<\/a><\/li>\n\n\n\n<li><a href=\"https:\/\/anilist.co\/anime\/21455\/NEW-GAME\/\" target=\"_blank\" rel=\"noreferrer noopener\">New Game!<\/a><\/li>\n\n\n\n<li><a href=\"https:\/\/anilist.co\/anime\/21234\/Boku-dake-ga-Inai-Machi\/\" target=\"_blank\" rel=\"noreferrer noopener\">Boku dake ga Inai Machi<\/a><\/li>\n\n\n\n<li><a href=\"https:\/\/anilist.co\/anime\/8100\/Mardock-Scramble-The-First-Compression\/\" target=\"_blank\" rel=\"noreferrer noopener\">Mardock Scramble<\/a> \ud83c\uddeb\ud83c\uddf7<\/li>\n\n\n\n<li><a href=\"https:\/\/anilist.co\/anime\/124080\/Horimiya\/\" target=\"_blank\" rel=\"noreferrer noopener\">Horimiya<\/a><\/li>\n\n\n\n<li><a href=\"https:\/\/anilist.co\/anime\/21776\/Kobayashisan-Chi-no-Maidragon\/\" target=\"_blank\" rel=\"noreferrer noopener\">Kobayashi-san Chi no Maidragon<\/a> \ud83c\uddeb\ud83c\uddf7<\/li>\n\n\n\n<li><a href=\"https:\/\/anilist.co\/anime\/130003\/Bocchi-the-Rock\/\" target=\"_blank\" rel=\"noreferrer noopener\">Bocchi the Rock!<\/a> \ud83c\uddeb\ud83c\uddf7<\/li>\n<\/ul>\n\n\n\n<figure class=\"wp-block-image size-large is-resized\"><img loading=\"lazy\" decoding=\"async\" width=\"1024\" height=\"575\" src=\"https:\/\/camelia-studio.org\/camelianimes\/wp-content\/uploads\/sites\/6\/2025\/08\/cropped-86425875_p0_waifu2x-1024x575.png\" alt=\"\" class=\"wp-image-108\" style=\"width:1px\" srcset=\"https:\/\/camelia-studio.org\/camelianimes\/wp-content\/uploads\/sites\/6\/2025\/08\/cropped-86425875_p0_waifu2x-1024x575.png 1024w, https:\/\/camelia-studio.org\/camelianimes\/wp-content\/uploads\/sites\/6\/2025\/08\/cropped-86425875_p0_waifu2x-300x169.png 300w, https:\/\/camelia-studio.org\/camelianimes\/wp-content\/uploads\/sites\/6\/2025\/08\/cropped-86425875_p0_waifu2x-768x432.png 768w, https:\/\/camelia-studio.org\/camelianimes\/wp-content\/uploads\/sites\/6\/2025\/08\/cropped-86425875_p0_waifu2x-534x300.png 534w, https:\/\/camelia-studio.org\/camelianimes\/wp-content\/uploads\/sites\/6\/2025\/08\/cropped-86425875_p0_waifu2x.png 1244w\" sizes=\"auto, (max-width: 1024px) 100vw, 1024px\" \/><\/figure>\n","protected":false},"excerpt":{"rendered":"<p>Elles sont list\u00e9es de la plus ancienne \u00e0 la plus r\u00e9cemment vue. En cliquant dessus, vous serez amen\u00e9 \u00e0 la page AniList correspondante. Tout a &hellip;<\/p>\n","protected":false},"author":1,"featured_media":0,"parent":0,"menu_order":0,"comment_status":"closed","ping_status":"closed","template":"","meta":{"footnotes":""},"class_list":["post-18","page","type-page","status-publish","hentry"],"_links":{"self":[{"href":"https:\/\/camelia-studio.org\/camelianimes\/wp-json\/wp\/v2\/pages\/18","targetHints":{"allow":["GET"]}}],"collection":[{"href":"https:\/\/camelia-studio.org\/camelianimes\/wp-json\/wp\/v2\/pages"}],"about":[{"href":"https:\/\/camelia-studio.org\/camelianimes\/wp-json\/wp\/v2\/types\/page"}],"author":[{"embeddable":true,"href":"https:\/\/camelia-studio.org\/camelianimes\/wp-json\/wp\/v2\/users\/1"}],"replies":[{"embeddable":true,"href":"https:\/\/camelia-studio.org\/camelianimes\/wp-json\/wp\/v2\/comments?post=18"}],"version-history":[{"count":20,"href":"https:\/\/camelia-studio.org\/camelianimes\/wp-json\/wp\/v2\/pages\/18\/revisions"}],"predecessor-version":[{"id":245,"href":"https:\/\/camelia-studio.org\/camelianimes\/wp-json\/wp\/v2\/pages\/18\/revisions\/245"}],"wp:attachment":[{"href":"https:\/\/camelia-studio.org\/camelianimes\/wp-json\/wp\/v2\/media?parent=18"}],"curies":[{"name":"wp","href":"https:\/\/api.w.org\/{rel}","templated":true}]}}