{"id":8,"date":"2025-07-09T12:32:00","date_gmt":"2025-07-09T10:32:00","guid":{"rendered":"https:\/\/camelia-studio.org\/camelianimes\/?page_id=8"},"modified":"2026-01-12T11:29:39","modified_gmt":"2026-01-12T10:29:39","slug":"informations","status":"publish","type":"page","link":"https:\/\/camelia-studio.org\/camelianimes\/","title":{"rendered":"Informations"},"content":{"rendered":"<div class=\"wp-block-image\">\n<figure class=\"aligncenter size-full is-resized\"><img loading=\"lazy\" decoding=\"async\" width=\"1000\" height=\"1000\" src=\"https:\/\/camelia-studio.org\/camelianimes\/wp-content\/uploads\/sites\/6\/2025\/12\/Camelia-nue.png\" alt=\"\" class=\"wp-image-217\" style=\"width:350px\" srcset=\"https:\/\/camelia-studio.org\/camelianimes\/wp-content\/uploads\/sites\/6\/2025\/12\/Camelia-nue.png 1000w, https:\/\/camelia-studio.org\/camelianimes\/wp-content\/uploads\/sites\/6\/2025\/12\/Camelia-nue-300x300.png 300w, https:\/\/camelia-studio.org\/camelianimes\/wp-content\/uploads\/sites\/6\/2025\/12\/Camelia-nue-150x150.png 150w, https:\/\/camelia-studio.org\/camelianimes\/wp-content\/uploads\/sites\/6\/2025\/12\/Camelia-nue-768x768.png 768w\" sizes=\"auto, (max-width: 1000px) 100vw, 1000px\" \/><\/figure>\n<\/div>\n\n\n<p id=\"infos\">Coucou ! Si tu es ici, c&rsquo;est que tu souhaites probablement savoir la m\u00e9thode pour mettre <strong>MPV<\/strong> &amp; <strong>Syncplay<\/strong> sur ton PC, afin de profiter des s\u00e9ances des <strong>Cam\u00e9lianimes <\/strong>non ? Pas de soucis ! Je vais tout t&rsquo;expliquer, tu as juste \u00e0 suivre les \u00e9tapes suivantes.<\/p>\n\n\n\n<p><em>Pour la faire courte, MPV est un lecteur vid\u00e9o (comme VLC par exemple), compatible avec Syncplay. MPV va lire les vid\u00e9os et Syncplay va synchroniser les lecteurs des participants entres-eux.<\/em><\/p>\n\n\n\n<h3 class=\"wp-block-heading\">Comment t\u00e9l\u00e9charger et installer \u00ab MPV \u00bb ?<\/h3>\n\n\n\n<ul class=\"wp-block-list\">\n<li>T\u00e9l\u00e9charger <strong>MPV<\/strong> avec <a href=\"https:\/\/cila.camelia-studio.org\/kumora\/files\/file-proxy?filename=Cam%C3%A9lia%20-%20publique\/MPV.rar&amp;preview=0\">ce lien<\/a>.<\/li>\n\n\n\n<li>D\u00e9compresser l&rsquo;archive que vous venez de t\u00e9l\u00e9charger dans le dossier o\u00f9 vous souhaitez que <strong>MPV <\/strong>soit.<\/li>\n\n\n\n<li>Le dossier devrait ressembler <a href=\"https:\/\/camelia-studio.org\/camelianimes\/wp-content\/uploads\/sites\/6\/2025\/09\/mpv1.jpg\" data-type=\"attachment\" data-id=\"159\" target=\"_blank\" rel=\"noreferrer noopener\">\u00e0 ceci<\/a>.<\/li>\n<\/ul>\n\n\n\n<h3 class=\"wp-block-heading\">Comment t\u00e9l\u00e9charger et installer \u00ab Syncplay \u00bb ?<\/h3>\n\n\n\n<ul class=\"wp-block-list\">\n<li>T\u00e9l\u00e9charger la derni\u00e8re version de <strong>Syncplay<\/strong> sur son site : <a href=\"https:\/\/syncplay.pl\/\">https:\/\/syncplay.pl\/<\/a> (version portable pour Windows). (aper\u00e7u en image <a href=\"https:\/\/camelia-studio.org\/camelianimes\/wp-content\/uploads\/sites\/6\/2025\/09\/syncplay1.jpg\" data-type=\"attachment\" data-id=\"165\" target=\"_blank\" rel=\"noreferrer noopener\">1<\/a> &#8211; <a href=\"https:\/\/camelia-studio.org\/camelianimes\/wp-content\/uploads\/sites\/6\/2025\/09\/syncplay2.jpg\" data-type=\"attachment\" data-id=\"166\" target=\"_blank\" rel=\"noreferrer noopener\">2<\/a>)<\/li>\n\n\n\n<li>D\u00e9compresser l&rsquo;archive que vous venez de t\u00e9l\u00e9charger dans le dossier o\u00f9 vous souhaitez que <strong>Syncplay<\/strong> soit.<\/li>\n\n\n\n<li>Le dossier devrait ressembler <a href=\"https:\/\/camelia-studio.org\/camelianimes\/wp-content\/uploads\/sites\/6\/2025\/09\/syncplay3.jpg\" data-type=\"attachment\" data-id=\"167\" target=\"_blank\" rel=\"noreferrer noopener\">\u00e0 ceci<\/a>.<\/li>\n<\/ul>\n\n\n\n<h3 class=\"wp-block-heading\">Comment configurer \u00ab Syncplay \u00bb ?<\/h3>\n\n\n\n<p>Lancez \u00ab\u00a0Syncplay.exe\u00a0\u00bb en double-cliquant dessus pour ouvrir la fen\u00eatre de configuration. Remplissez les options suivantes :<\/p>\n\n\n\n<ul class=\"wp-block-list\">\n<li><strong>Adresse du serveur :<\/strong> \u00ab\u00a0shelter.moe:7373\u00a0\u00bb<\/li>\n\n\n\n<li><strong>Mot de passe du serveur :<\/strong> (laisser vide)<\/li>\n\n\n\n<li><strong>Nom d&rsquo;utilisateur :<\/strong> (mettre votre pseudo)<\/li>\n\n\n\n<li><strong>Salon par d\u00e9faut :<\/strong> \u00ab\u00a0Cam\u00e9lianime\u00a0\u00bb<\/li>\n\n\n\n<li><strong>Chemin d&rsquo;acc\u00e8s au lecteur multim\u00e9dia :<\/strong> (s\u00e9lectionner le fichier \u00ab\u00a0mpv.exe\u00a0\u00bb dans le dossier o\u00f9 vous avez install\u00e9 <strong>MPV<\/strong>)<\/li>\n\n\n\n<li>Vos options devraient ressembler <a href=\"https:\/\/camelia-studio.org\/camelianimes\/wp-content\/uploads\/sites\/6\/2025\/09\/syncplay4.jpg\" data-type=\"attachment\" data-id=\"172\" target=\"_blank\" rel=\"noreferrer noopener\">\u00e0 ceci<\/a>.<\/li>\n<\/ul>\n\n\n\n<p>Ensuite, cliquez sur <strong>Stocker la configuration et ex\u00e9cuter Syncplay<\/strong>. Une nouvelle fen\u00eatre s&rsquo;ouvrira (ainsi que le lecteur <strong>MPV<\/strong>). Dans l&rsquo;encadr\u00e9 sous la liste des utilisateurs, effectuez un clic droit et s\u00e9lectionnez <strong>D\u00e9finir les domaines de confiance<\/strong> (<a href=\"https:\/\/camelia-studio.org\/camelianimes\/wp-content\/uploads\/sites\/6\/2025\/09\/syncplay5.jpg\" data-type=\"attachment\" data-id=\"173\" target=\"_blank\" rel=\"noreferrer noopener\">voir l&rsquo;aper\u00e7u en image<\/a>), puis ajoutez les deux lignes suivantes :<\/p>\n\n\n\n<ul class=\"wp-block-list\">\n<li>\u00ab\u00a0syncplay.nanami.fr\u00a0\u00bb<\/li>\n\n\n\n<li>\u00ab\u00a0camelia-studio.org\u00a0\u00bb<\/li>\n<\/ul>\n\n\n\n<p>Validez en cliquant sur <strong>OK<\/strong>.<\/p>\n\n\n\n<p>Voil\u00e0 ! Vous \u00eates maintenant pr\u00eat \u00e0 profiter des s\u00e9ances des <strong>Cam\u00e9lianimes <\/strong>!<\/p>\n\n\n\n<p>On se donne rendez-vous sur <a href=\"https:\/\/discord.gg\/nBuZ9vJ\">Discord<\/a> pour en discuter !<\/p>\n","protected":false},"excerpt":{"rendered":"<p>Coucou ! Si tu es ici, c&rsquo;est que tu souhaites probablement savoir la m\u00e9thode pour mettre MPV &amp; Syncplay sur ton PC, afin de profiter &hellip;<\/p>\n","protected":false},"author":1,"featured_media":0,"parent":0,"menu_order":0,"comment_status":"closed","ping_status":"closed","template":"","meta":{"footnotes":""},"class_list":["post-8","page","type-page","status-publish","hentry"],"_links":{"self":[{"href":"https:\/\/camelia-studio.org\/camelianimes\/wp-json\/wp\/v2\/pages\/8","targetHints":{"allow":["GET"]}}],"collection":[{"href":"https:\/\/camelia-studio.org\/camelianimes\/wp-json\/wp\/v2\/pages"}],"about":[{"href":"https:\/\/camelia-studio.org\/camelianimes\/wp-json\/wp\/v2\/types\/page"}],"author":[{"embeddable":true,"href":"https:\/\/camelia-studio.org\/camelianimes\/wp-json\/wp\/v2\/users\/1"}],"replies":[{"embeddable":true,"href":"https:\/\/camelia-studio.org\/camelianimes\/wp-json\/wp\/v2\/comments?post=8"}],"version-history":[{"count":13,"href":"https:\/\/camelia-studio.org\/camelianimes\/wp-json\/wp\/v2\/pages\/8\/revisions"}],"predecessor-version":[{"id":233,"href":"https:\/\/camelia-studio.org\/camelianimes\/wp-json\/wp\/v2\/pages\/8\/revisions\/233"}],"wp:attachment":[{"href":"https:\/\/camelia-studio.org\/camelianimes\/wp-json\/wp\/v2\/media?parent=8"}],"curies":[{"name":"wp","href":"https:\/\/api.w.org\/{rel}","templated":true}]}}