{"id":61,"date":"2025-07-09T12:16:33","date_gmt":"2025-07-09T10:16:33","guid":{"rendered":"https:\/\/camelia-studio.org\/divan\/?page_id=61"},"modified":"2025-07-20T20:36:35","modified_gmt":"2025-07-20T18:36:35","slug":"qui-sommes-nous","status":"publish","type":"page","link":"https:\/\/camelia-studio.org\/divan\/qui-sommes-nous\/","title":{"rendered":"Qui sommes nous ?"},"content":{"rendered":"\n<h2 class=\"wp-block-heading\">\u00c0 propos du Divan dit vent<\/h2>\n\n\n\n<p>Installez-vous confortablement et laissez-vous emporter par les discussions anim\u00e9es du <strong>Divan dit vent<\/strong>. Le podcast audio de l&rsquo;association <a href=\"https:\/\/camelia-studio.org\">Cam\u00e9lia Studio<\/a> vous invite \u00e0 explorer les mondes fantastiques de la japanimation et bien plus encore. Plongez dans des critiques passionn\u00e9es des derni\u00e8res s\u00e9ries et films d&rsquo;animation, tout en d\u00e9couvrant des interviews exclusives avec des experts et des passionn\u00e9s des diff\u00e9rentes facettes de la culture. Avec chaque \u00e9pisode, embarquez pour un voyage au pays de la cr\u00e9ativit\u00e9 et de l&rsquo;imagination, o\u00f9 les voix des artistes et des fans se m\u00ealent pour cr\u00e9er une symphonie culturelle captivante.<\/p>\n\n\n\n<p>Nous sommes en direct sur :<\/p>\n\n\n\n<ul class=\"wp-block-list\">\n<li><a href=\"https:\/\/discord.gg\/nBuZ9vJ\">Discord<\/a><\/li>\n<\/ul>\n\n\n\n<p>Vous pouvez \u00e9galement \u00e9couter les rediffusions sur :<\/p>\n\n\n\n<ul class=\"wp-block-list\">\n<li><a href=\"https:\/\/tsubakimono.camelia-studio.org\/category\/divan-dit-vent\/\">Tsubakimono<\/a>, le site de notre association.<\/li>\n\n\n\n<li><a href=\"https:\/\/podcastaddict.com\/podcast\/divan-dit-vent\/3682013\">Podcast Addict<\/a><\/li>\n<\/ul>\n\n\n\n<h2 class=\"wp-block-heading\">Cr\u00e9dits<\/h2>\n\n\n\n<p>Nos g\u00e9n\u00e9riques ont \u00e9t\u00e9 r\u00e9alis\u00e9s sp\u00e9cialement par <a href=\"https:\/\/soundcloud.com\/user-200830465\">Aeson<\/a> (instru\/mixage) et Dev (voix), un gros merci \u00e0 eux !<\/p>\n","protected":false},"excerpt":{"rendered":"<p>\u00c0 propos du Divan dit vent Installez-vous confortablement et laissez-vous emporter par les discussions anim\u00e9es du Divan dit vent. Le podcast audio de l&rsquo;association Cam\u00e9lia Studio vous invite \u00e0 explorer les mondes fantastiques de la japanimation et bien plus encore. Plongez dans des critiques passionn\u00e9es des derni\u00e8res s\u00e9ries et films d&rsquo;animation, tout en d\u00e9couvrant des [&hellip;]<\/p>\n","protected":false},"author":1,"featured_media":65,"parent":0,"menu_order":0,"comment_status":"closed","ping_status":"closed","template":"","meta":{"footnotes":""},"class_list":["post-61","page","type-page","status-publish","has-post-thumbnail","hentry"],"_links":{"self":[{"href":"https:\/\/camelia-studio.org\/divan\/wp-json\/wp\/v2\/pages\/61","targetHints":{"allow":["GET"]}}],"collection":[{"href":"https:\/\/camelia-studio.org\/divan\/wp-json\/wp\/v2\/pages"}],"about":[{"href":"https:\/\/camelia-studio.org\/divan\/wp-json\/wp\/v2\/types\/page"}],"author":[{"embeddable":true,"href":"https:\/\/camelia-studio.org\/divan\/wp-json\/wp\/v2\/users\/1"}],"replies":[{"embeddable":true,"href":"https:\/\/camelia-studio.org\/divan\/wp-json\/wp\/v2\/comments?post=61"}],"version-history":[{"count":4,"href":"https:\/\/camelia-studio.org\/divan\/wp-json\/wp\/v2\/pages\/61\/revisions"}],"predecessor-version":[{"id":85,"href":"https:\/\/camelia-studio.org\/divan\/wp-json\/wp\/v2\/pages\/61\/revisions\/85"}],"wp:featuredmedia":[{"embeddable":true,"href":"https:\/\/camelia-studio.org\/divan\/wp-json\/wp\/v2\/media\/65"}],"wp:attachment":[{"href":"https:\/\/camelia-studio.org\/divan\/wp-json\/wp\/v2\/media?parent=61"}],"curies":[{"name":"wp","href":"https:\/\/api.w.org\/{rel}","templated":true}]}}