{"id":18,"date":"2025-07-09T13:36:27","date_gmt":"2025-07-09T11:36:27","guid":{"rendered":"https:\/\/camelia-studio.org\/sufokia\/?page_id=18"},"modified":"2025-07-09T15:03:30","modified_gmt":"2025-07-09T13:03:30","slug":"nos-projets","status":"publish","type":"page","link":"https:\/\/camelia-studio.org\/sufokia\/nos-projets\/","title":{"rendered":"Nos projets"},"content":{"rendered":"\n<p>Hey ! Tu trouveras par ici les projets que la branche <a href=\"https:\/\/cila.camelia-studio.org\/\" target=\"_blank\" rel=\"noreferrer noopener\">CILA<\/a> de notre association (<a href=\"https:\/\/camelia-studio.org\/\" target=\"_blank\" rel=\"noreferrer noopener\">Cam\u00e9lia Studio<\/a>) a d\u00e9velopp\u00e9 pour nous.<\/p>\n\n\n\n<hr class=\"wp-block-separator has-alpha-channel-opacity\"\/>\n\n\n\n<div class=\"wp-block-columns is-layout-flex wp-container-core-columns-is-layout-9d6595d7 wp-block-columns-is-layout-flex\">\n<div class=\"wp-block-column is-layout-flow wp-block-column-is-layout-flow\">\n<figure class=\"wp-block-image size-large\"><img loading=\"lazy\" decoding=\"async\" width=\"1024\" height=\"497\" src=\"https:\/\/camelia-studio.org\/sufokia\/wp-content\/uploads\/sites\/7\/2025\/07\/image-2-1024x497.jpeg\" alt=\"\" class=\"wp-image-22\" srcset=\"https:\/\/camelia-studio.org\/sufokia\/wp-content\/uploads\/sites\/7\/2025\/07\/image-2-1024x497.jpeg 1024w, https:\/\/camelia-studio.org\/sufokia\/wp-content\/uploads\/sites\/7\/2025\/07\/image-2-300x146.jpeg 300w, https:\/\/camelia-studio.org\/sufokia\/wp-content\/uploads\/sites\/7\/2025\/07\/image-2-768x373.jpeg 768w, https:\/\/camelia-studio.org\/sufokia\/wp-content\/uploads\/sites\/7\/2025\/07\/image-2-1536x745.jpeg 1536w, https:\/\/camelia-studio.org\/sufokia\/wp-content\/uploads\/sites\/7\/2025\/07\/image-2.jpeg 1911w\" sizes=\"auto, (max-width: 1024px) 100vw, 1024px\" \/><\/figure>\n<\/div>\n\n\n\n<div class=\"wp-block-column is-layout-flow wp-block-column-is-layout-flow\">\n<h2 class=\"wp-block-heading\">Roulette \u00e0 donjons<\/h2>\n\n\n\n<p>Un outil qui tire au hasard un donjon du jeu, dans l&rsquo;intervalle de niveaux choisi.<\/p>\n\n\n\n<div class=\"wp-block-buttons is-layout-flex wp-block-buttons-is-layout-flex\">\n<div class=\"wp-block-button\"><a class=\"wp-block-button__link wp-element-button\" href=\"https:\/\/cila.camelia-studio.org\/roulette-donjons\/\" target=\"_blank\" rel=\"noreferrer noopener\">Je veux essayer !<\/a><\/div>\n<\/div>\n<\/div>\n<\/div>\n\n\n\n<hr class=\"wp-block-separator has-alpha-channel-opacity\"\/>\n\n\n\n<div class=\"wp-block-columns is-layout-flex wp-container-core-columns-is-layout-9d6595d7 wp-block-columns-is-layout-flex\">\n<div class=\"wp-block-column is-layout-flow wp-block-column-is-layout-flow\">\n<h2 class=\"wp-block-heading has-text-align-right\">ICO<\/h2>\n\n\n\n<p class=\"has-text-align-right\">Galerie d&rsquo;images de nos aventures !<\/p>\n\n\n\n<div class=\"wp-block-buttons is-content-justification-right is-layout-flex wp-container-core-buttons-is-layout-765c4724 wp-block-buttons-is-layout-flex\">\n<div class=\"wp-block-button\"><a class=\"wp-block-button__link wp-element-button\" href=\"https:\/\/cila.camelia-studio.org\/ico\/galeries.php?path=%2Fvar%2Fwww%2Fcila.camelia-studio.org%2Fico%2Fliste_albums%2FAlt-Tab%2FDofus\" target=\"_blank\" rel=\"noreferrer noopener\">Je veux voir \u00e7a !<\/a><\/div>\n<\/div>\n<\/div>\n\n\n\n<div class=\"wp-block-column is-layout-flow wp-block-column-is-layout-flow\">\n<figure class=\"wp-block-image size-large\"><img loading=\"lazy\" decoding=\"async\" width=\"1024\" height=\"469\" src=\"https:\/\/camelia-studio.org\/sufokia\/wp-content\/uploads\/sites\/7\/2025\/07\/image-1-1024x469.jpeg\" alt=\"\" class=\"wp-image-21\" srcset=\"https:\/\/camelia-studio.org\/sufokia\/wp-content\/uploads\/sites\/7\/2025\/07\/image-1-1024x469.jpeg 1024w, https:\/\/camelia-studio.org\/sufokia\/wp-content\/uploads\/sites\/7\/2025\/07\/image-1-300x138.jpeg 300w, https:\/\/camelia-studio.org\/sufokia\/wp-content\/uploads\/sites\/7\/2025\/07\/image-1-768x352.jpeg 768w, https:\/\/camelia-studio.org\/sufokia\/wp-content\/uploads\/sites\/7\/2025\/07\/image-1-1536x704.jpeg 1536w, https:\/\/camelia-studio.org\/sufokia\/wp-content\/uploads\/sites\/7\/2025\/07\/image-1.jpeg 1909w\" sizes=\"auto, (max-width: 1024px) 100vw, 1024px\" \/><\/figure>\n<\/div>\n<\/div>\n\n\n\n<hr class=\"wp-block-separator has-alpha-channel-opacity\"\/>\n\n\n\n<div class=\"wp-block-columns is-layout-flex wp-container-core-columns-is-layout-9d6595d7 wp-block-columns-is-layout-flex\">\n<div class=\"wp-block-column is-layout-flow wp-block-column-is-layout-flow\">\n<figure class=\"wp-block-image size-large\"><img loading=\"lazy\" decoding=\"async\" width=\"1024\" height=\"508\" src=\"https:\/\/camelia-studio.org\/sufokia\/wp-content\/uploads\/sites\/7\/2025\/07\/image-1024x508.jpeg\" alt=\"\" class=\"wp-image-20\" srcset=\"https:\/\/camelia-studio.org\/sufokia\/wp-content\/uploads\/sites\/7\/2025\/07\/image-1024x508.jpeg 1024w, https:\/\/camelia-studio.org\/sufokia\/wp-content\/uploads\/sites\/7\/2025\/07\/image-300x149.jpeg 300w, https:\/\/camelia-studio.org\/sufokia\/wp-content\/uploads\/sites\/7\/2025\/07\/image-768x381.jpeg 768w, https:\/\/camelia-studio.org\/sufokia\/wp-content\/uploads\/sites\/7\/2025\/07\/image-1536x762.jpeg 1536w, https:\/\/camelia-studio.org\/sufokia\/wp-content\/uploads\/sites\/7\/2025\/07\/image.jpeg 1878w\" sizes=\"auto, (max-width: 1024px) 100vw, 1024px\" \/><\/figure>\n<\/div>\n\n\n\n<div class=\"wp-block-column is-layout-flow wp-block-column-is-layout-flow\">\n<h2 class=\"wp-block-heading\">Moisson Rouge<\/h2>\n\n\n\n<p>Un site qui permet de g\u00e9rer l&rsquo;avanc\u00e9 de sa qu\u00eate \u00ab L&rsquo;\u00c9ternelle moisson \u00bb !<\/p>\n\n\n\n<div class=\"wp-block-buttons is-layout-flex wp-block-buttons-is-layout-flex\">\n<div class=\"wp-block-button\"><a class=\"wp-block-button__link wp-element-button\" href=\"https:\/\/cila.camelia-studio.org\/moisson-rouge\/\" target=\"_blank\" rel=\"noreferrer noopener\">Tester l&rsquo;outil !<\/a><\/div>\n<\/div>\n<\/div>\n<\/div>\n\n\n\n<hr class=\"wp-block-separator has-alpha-channel-opacity\"\/>\n\n\n\n<div class=\"wp-block-columns is-layout-flex wp-container-core-columns-is-layout-9d6595d7 wp-block-columns-is-layout-flex\">\n<div class=\"wp-block-column is-layout-flow wp-block-column-is-layout-flow\">\n<h2 class=\"wp-block-heading has-text-align-right\">\u00c0 cause de Flash<\/h2>\n\n\n\n<p class=\"has-text-align-right\">Un site qui permet de g\u00e9n\u00e9rer des bugs rigolos comme on en trouve beaucoup sur notre jeu pr\u00e9f\u00e9r\u00e9 !<\/p>\n\n\n\n<div class=\"wp-block-buttons is-content-justification-right is-layout-flex wp-container-core-buttons-is-layout-765c4724 wp-block-buttons-is-layout-flex\">\n<div class=\"wp-block-button\"><a class=\"wp-block-button__link wp-element-button\" href=\"https:\/\/cila.camelia-studio.org\/a-cause-de-flash\/\" target=\"_blank\" rel=\"noreferrer noopener\">Y jeter un \u0153il !<\/a><\/div>\n<\/div>\n<\/div>\n\n\n\n<div class=\"wp-block-column is-layout-flow wp-block-column-is-layout-flow\">\n<figure class=\"wp-block-image size-large\"><img loading=\"lazy\" decoding=\"async\" width=\"1024\" height=\"491\" src=\"https:\/\/camelia-studio.org\/sufokia\/wp-content\/uploads\/sites\/7\/2025\/07\/image-6-1024x491.png\" alt=\"\" class=\"wp-image-19\" srcset=\"https:\/\/camelia-studio.org\/sufokia\/wp-content\/uploads\/sites\/7\/2025\/07\/image-6-1024x491.png 1024w, https:\/\/camelia-studio.org\/sufokia\/wp-content\/uploads\/sites\/7\/2025\/07\/image-6-300x144.png 300w, https:\/\/camelia-studio.org\/sufokia\/wp-content\/uploads\/sites\/7\/2025\/07\/image-6-768x368.png 768w, https:\/\/camelia-studio.org\/sufokia\/wp-content\/uploads\/sites\/7\/2025\/07\/image-6-1536x736.png 1536w, https:\/\/camelia-studio.org\/sufokia\/wp-content\/uploads\/sites\/7\/2025\/07\/image-6.png 1910w\" sizes=\"auto, (max-width: 1024px) 100vw, 1024px\" \/><\/figure>\n<\/div>\n<\/div>\n","protected":false},"excerpt":{"rendered":"<p>Hey ! Tu trouveras par ici les projets que la branche CILA de notre association (Cam\u00e9lia Studio) a d\u00e9velopp\u00e9 pour nous. Roulette \u00e0 donjons Un outil qui tire au hasard un donjon du jeu, dans l&rsquo;intervalle de niveaux choisi. ICO Galerie d&rsquo;images de nos aventures ! Moisson Rouge Un site qui permet de g\u00e9rer l&rsquo;avanc\u00e9 [&hellip;]<\/p>\n","protected":false},"author":1,"featured_media":0,"parent":0,"menu_order":0,"comment_status":"closed","ping_status":"closed","template":"","meta":{"footnotes":""},"class_list":["post-18","page","type-page","status-publish","hentry"],"_links":{"self":[{"href":"https:\/\/camelia-studio.org\/sufokia\/wp-json\/wp\/v2\/pages\/18","targetHints":{"allow":["GET"]}}],"collection":[{"href":"https:\/\/camelia-studio.org\/sufokia\/wp-json\/wp\/v2\/pages"}],"about":[{"href":"https:\/\/camelia-studio.org\/sufokia\/wp-json\/wp\/v2\/types\/page"}],"author":[{"embeddable":true,"href":"https:\/\/camelia-studio.org\/sufokia\/wp-json\/wp\/v2\/users\/1"}],"replies":[{"embeddable":true,"href":"https:\/\/camelia-studio.org\/sufokia\/wp-json\/wp\/v2\/comments?post=18"}],"version-history":[{"count":6,"href":"https:\/\/camelia-studio.org\/sufokia\/wp-json\/wp\/v2\/pages\/18\/revisions"}],"predecessor-version":[{"id":50,"href":"https:\/\/camelia-studio.org\/sufokia\/wp-json\/wp\/v2\/pages\/18\/revisions\/50"}],"wp:attachment":[{"href":"https:\/\/camelia-studio.org\/sufokia\/wp-json\/wp\/v2\/media?parent=18"}],"curies":[{"name":"wp","href":"https:\/\/api.w.org\/{rel}","templated":true}]}}