{"id":54,"date":"2025-09-09T22:11:27","date_gmt":"2025-09-09T20:11:27","guid":{"rendered":"https:\/\/camelia-studio.org\/sufokia\/?page_id=54"},"modified":"2025-09-09T22:11:27","modified_gmt":"2025-09-09T20:11:27","slug":"videos","status":"publish","type":"page","link":"https:\/\/camelia-studio.org\/sufokia\/videos\/","title":{"rendered":"Vid\u00e9os"},"content":{"rendered":"\n<div class=\"wp-block-buttons is-content-justification-right is-layout-flex wp-container-core-buttons-is-layout-765c4724 wp-block-buttons-is-layout-flex\">\n<div class=\"wp-block-button\"><a class=\"wp-block-button__link has-text-align-left wp-element-button\" href=\"https:\/\/www.youtube.com\/@alt-tab_camelia\" target=\"_blank\" rel=\"noreferrer noopener\">Acc\u00e9der \u00e0 la cha\u00eene Youtube d&rsquo;Alt Tab<\/a><\/div>\n<\/div>\n\n\n\n<h4 class=\"wp-block-heading\">La Coupe de Maimane<\/h4>\n\n\n\n<figure class=\"wp-block-embed aligncenter is-type-video is-provider-youtube wp-block-embed-youtube wp-embed-aspect-16-9 wp-has-aspect-ratio\"><div class=\"wp-block-embed__wrapper\">\n<iframe loading=\"lazy\" title=\"Dofus - La Coupe de Maimane\" width=\"500\" height=\"281\" src=\"https:\/\/www.youtube.com\/embed\/videoseries?list=PLe_WXFDf_5582OIIaR_JurFV8ixm8sKwZ\" frameborder=\"0\" allow=\"accelerometer; autoplay; clipboard-write; encrypted-media; gyroscope; picture-in-picture; web-share\" referrerpolicy=\"strict-origin-when-cross-origin\" allowfullscreen><\/iframe>\n<\/div><\/figure>\n\n\n\n<h4 class=\"wp-block-heading\">Activit\u00e9s diverses<\/h4>\n\n\n\n<figure class=\"wp-block-embed aligncenter is-type-video is-provider-youtube wp-block-embed-youtube wp-embed-aspect-16-9 wp-has-aspect-ratio\"><div class=\"wp-block-embed__wrapper\">\n<iframe loading=\"lazy\" title=\"Dofus - La Compagnie de Sufokia\" width=\"500\" height=\"281\" src=\"https:\/\/www.youtube.com\/embed\/videoseries?list=PLe_WXFDf_55-BULP21Fqa8w-NY_98UwdK\" frameborder=\"0\" allow=\"accelerometer; autoplay; clipboard-write; encrypted-media; gyroscope; picture-in-picture; web-share\" referrerpolicy=\"strict-origin-when-cross-origin\" allowfullscreen><\/iframe>\n<\/div><\/figure>\n","protected":false},"excerpt":{"rendered":"<p>La Coupe de Maimane Activit\u00e9s diverses<\/p>\n","protected":false},"author":1,"featured_media":0,"parent":0,"menu_order":0,"comment_status":"closed","ping_status":"closed","template":"","meta":{"footnotes":""},"class_list":["post-54","page","type-page","status-publish","hentry"],"_links":{"self":[{"href":"https:\/\/camelia-studio.org\/sufokia\/wp-json\/wp\/v2\/pages\/54","targetHints":{"allow":["GET"]}}],"collection":[{"href":"https:\/\/camelia-studio.org\/sufokia\/wp-json\/wp\/v2\/pages"}],"about":[{"href":"https:\/\/camelia-studio.org\/sufokia\/wp-json\/wp\/v2\/types\/page"}],"author":[{"embeddable":true,"href":"https:\/\/camelia-studio.org\/sufokia\/wp-json\/wp\/v2\/users\/1"}],"replies":[{"embeddable":true,"href":"https:\/\/camelia-studio.org\/sufokia\/wp-json\/wp\/v2\/comments?post=54"}],"version-history":[{"count":8,"href":"https:\/\/camelia-studio.org\/sufokia\/wp-json\/wp\/v2\/pages\/54\/revisions"}],"predecessor-version":[{"id":65,"href":"https:\/\/camelia-studio.org\/sufokia\/wp-json\/wp\/v2\/pages\/54\/revisions\/65"}],"wp:attachment":[{"href":"https:\/\/camelia-studio.org\/sufokia\/wp-json\/wp\/v2\/media?parent=54"}],"curies":[{"name":"wp","href":"https:\/\/api.w.org\/{rel}","templated":true}]}}