{"id":7,"date":"2025-07-09T13:32:02","date_gmt":"2025-07-09T11:32:02","guid":{"rendered":"https:\/\/camelia-studio.org\/sufokia\/?page_id=7"},"modified":"2025-11-22T15:38:14","modified_gmt":"2025-11-22T14:38:14","slug":"a-propos","status":"publish","type":"page","link":"https:\/\/camelia-studio.org\/sufokia\/","title":{"rendered":"\u00c0 propos"},"content":{"rendered":"\n<div class=\"wp-block-columns is-layout-flex wp-container-core-columns-is-layout-9d6595d7 wp-block-columns-is-layout-flex\">\n<div class=\"wp-block-column is-layout-flow wp-block-column-is-layout-flow\" style=\"flex-basis:33.33%\">\n<figure class=\"wp-block-image size-large\"><img loading=\"lazy\" decoding=\"async\" width=\"751\" height=\"1024\" src=\"https:\/\/camelia-studio.org\/sufokia\/wp-content\/uploads\/sites\/7\/2025\/07\/davz0s8-751x1024.png\" alt=\"\" class=\"wp-image-42\" srcset=\"https:\/\/camelia-studio.org\/sufokia\/wp-content\/uploads\/sites\/7\/2025\/07\/davz0s8-751x1024.png 751w, https:\/\/camelia-studio.org\/sufokia\/wp-content\/uploads\/sites\/7\/2025\/07\/davz0s8-220x300.png 220w, https:\/\/camelia-studio.org\/sufokia\/wp-content\/uploads\/sites\/7\/2025\/07\/davz0s8-768x1047.png 768w, https:\/\/camelia-studio.org\/sufokia\/wp-content\/uploads\/sites\/7\/2025\/07\/davz0s8-1127x1536.png 1127w, https:\/\/camelia-studio.org\/sufokia\/wp-content\/uploads\/sites\/7\/2025\/07\/davz0s8-1502x2048.png 1502w, https:\/\/camelia-studio.org\/sufokia\/wp-content\/uploads\/sites\/7\/2025\/07\/davz0s8-scaled.png 1878w\" sizes=\"auto, (max-width: 751px) 100vw, 751px\" \/><\/figure>\n<\/div>\n\n\n\n<div class=\"wp-block-column is-layout-flow wp-block-column-is-layout-flow\" style=\"flex-basis:66.66%\">\n<p>Nous sommes une guilde existante depuis 2007, actuellement sur le serveur classique <strong>Orukam <\/strong>(originellement <strong>Maimane<\/strong>).<\/p>\n\n\n\n<p>Vous pouvez contacter en jeu le meneur : <\/p>\n\n\n\n<ul class=\"wp-block-list\">\n<li><strong>Caramel-Myrtilles<\/strong><\/li>\n<\/ul>\n\n\n\n<p>Ou les bras droit :<\/p>\n\n\n\n<ul class=\"wp-block-list\">\n<li><strong>Arctyk<\/strong><\/li>\n\n\n\n<li><strong>Rage-Skit<\/strong><\/li>\n<\/ul>\n\n\n\n<p>Pour nous rejoindre ou discuter avec nous, \u00e7a se passe <a href=\"https:\/\/discord.gg\/nBuZ9vJ\" target=\"_blank\" rel=\"noreferrer noopener\">sur notre serveur Discord<\/a>.<\/p>\n\n\n\n<p>Notre guilde fait partie de la branche <a href=\"https:\/\/camelia-studio.org\/alt-tab\/\" target=\"_blank\" rel=\"noreferrer noopener\">Alt Tab<\/a> de l&rsquo;association <a href=\"https:\/\/camelia-studio.org\/\" target=\"_blank\" rel=\"noreferrer noopener\">Cam\u00e9lia Studio<\/a>.<\/p>\n\n\n\n<p>Il fut un temps o\u00f9 nous avons \u00e9galement poss\u00e9d\u00e9 les guildes suivantes :<\/p>\n\n\n\n<ul class=\"wp-block-list\">\n<li><strong>La Compagnie d&rsquo;Otoma\u00ef<\/strong><\/li>\n\n\n\n<li><strong>La Compagnie de Moon<\/strong><\/li>\n<\/ul>\n<\/div>\n<\/div>\n","protected":false},"excerpt":{"rendered":"<p>Nous sommes une guilde existante depuis 2007, actuellement sur le serveur classique Orukam (originellement Maimane). Vous pouvez contacter en jeu le meneur : Ou les bras droit : Pour nous rejoindre ou discuter avec nous, \u00e7a se passe sur notre serveur Discord. Notre guilde fait partie de la branche Alt Tab de l&rsquo;association Cam\u00e9lia Studio. [&hellip;]<\/p>\n","protected":false},"author":1,"featured_media":26,"parent":0,"menu_order":0,"comment_status":"closed","ping_status":"closed","template":"","meta":{"footnotes":""},"class_list":["post-7","page","type-page","status-publish","has-post-thumbnail","hentry"],"_links":{"self":[{"href":"https:\/\/camelia-studio.org\/sufokia\/wp-json\/wp\/v2\/pages\/7","targetHints":{"allow":["GET"]}}],"collection":[{"href":"https:\/\/camelia-studio.org\/sufokia\/wp-json\/wp\/v2\/pages"}],"about":[{"href":"https:\/\/camelia-studio.org\/sufokia\/wp-json\/wp\/v2\/types\/page"}],"author":[{"embeddable":true,"href":"https:\/\/camelia-studio.org\/sufokia\/wp-json\/wp\/v2\/users\/1"}],"replies":[{"embeddable":true,"href":"https:\/\/camelia-studio.org\/sufokia\/wp-json\/wp\/v2\/comments?post=7"}],"version-history":[{"count":7,"href":"https:\/\/camelia-studio.org\/sufokia\/wp-json\/wp\/v2\/pages\/7\/revisions"}],"predecessor-version":[{"id":85,"href":"https:\/\/camelia-studio.org\/sufokia\/wp-json\/wp\/v2\/pages\/7\/revisions\/85"}],"wp:featuredmedia":[{"embeddable":true,"href":"https:\/\/camelia-studio.org\/sufokia\/wp-json\/wp\/v2\/media\/26"}],"wp:attachment":[{"href":"https:\/\/camelia-studio.org\/sufokia\/wp-json\/wp\/v2\/media?parent=7"}],"curies":[{"name":"wp","href":"https:\/\/api.w.org\/{rel}","templated":true}]}}